{"id":39,"date":"2019-07-26T20:13:11","date_gmt":"2019-07-26T20:13:11","guid":{"rendered":"https:\/\/producaoespecial.com.br\/loja\/?page_id=39"},"modified":"2022-04-22T17:29:04","modified_gmt":"2022-04-22T17:29:04","slug":"contato","status":"publish","type":"page","link":"https:\/\/producaoespecial.com.br\/loja\/contato\/","title":{"rendered":"CONTATO"},"content":{"rendered":"\t\t<div data-elementor-type=\"wp-post\" data-elementor-id=\"39\" class=\"elementor elementor-39\">\n\t\t\t\t\t\t<div class=\"elementor-inner\">\n\t\t\t\t<div class=\"elementor-section-wrap\">\n\t\t\t\t\t\t\t\t\t<section class=\"elementor-section elementor-top-section elementor-element elementor-element-d7a6f63 elementor-section-stretched elementor-section-full_width elementor-section-height-default elementor-section-height-default\" data-id=\"d7a6f63\" data-element_type=\"section\" data-settings=\"{&quot;stretch_section&quot;:&quot;section-stretched&quot;}\">\n\t\t\t\t\t\t<div class=\"elementor-container elementor-column-gap-default\">\n\t\t\t\t\t\t\t<div class=\"elementor-row\">\n\t\t\t\t\t<div class=\"elementor-column elementor-col-50 elementor-top-column elementor-element elementor-element-86215a6\" data-id=\"86215a6\" data-element_type=\"column\">\n\t\t\t<div class=\"elementor-column-wrap elementor-element-populated\">\n\t\t\t\t\t\t\t<div class=\"elementor-widget-wrap\">\n\t\t\t\t\t\t<div class=\"elementor-element elementor-element-61f5a46 elementor-widget elementor-widget-image\" data-id=\"61f5a46\" data-element_type=\"widget\" data-widget_type=\"image.default\">\n\t\t\t\t<div class=\"elementor-widget-container\">\n\t\t\t\t\t\t\t\t<div class=\"elementor-image\">\n\t\t\t\t\t\t\t\t\t\t\t\t<img src=\"https:\/\/producaoespecial.com.br\/loja\/wp-content\/uploads\/elementor\/thumbs\/Apresenta\u00e7\u00e3o-Produ\u00e7\u00e3o-Especial-2-obi1us8izyco2d570cqujj42u8xdhzylsc5b0dcnlc.jpg\" title=\"Apresenta\u00e7\u00e3o Produ\u00e7\u00e3o Especial\" alt=\"Apresenta\u00e7\u00e3o Produ\u00e7\u00e3o Especial\" \/>\t\t\t\t\t\t\t\t\t\t\t\t\t\t<\/div>\n\t\t\t\t\t\t<\/div>\n\t\t\t\t<\/div>\n\t\t\t\t\t\t<\/div>\n\t\t\t\t\t<\/div>\n\t\t<\/div>\n\t\t\t\t<div class=\"elementor-column elementor-col-50 elementor-top-column elementor-element elementor-element-89333cd\" data-id=\"89333cd\" data-element_type=\"column\">\n\t\t\t<div class=\"elementor-column-wrap elementor-element-populated\">\n\t\t\t\t\t\t\t<div class=\"elementor-widget-wrap\">\n\t\t\t\t\t\t<div class=\"elementor-element elementor-element-abf46fb elementor-drop-cap-yes elementor-drop-cap-view-default elementor-widget elementor-widget-text-editor\" data-id=\"abf46fb\" data-element_type=\"widget\" data-settings=\"{&quot;drop_cap&quot;:&quot;yes&quot;}\" data-widget_type=\"text-editor.default\">\n\t\t\t\t<div class=\"elementor-widget-container\">\n\t\t\t\t\t\t\t\t<div class=\"elementor-text-editor elementor-clearfix\">\n\t\t\t\t<p>Ligue para: (11) 5071-9696 \/ envie uma mensagem no whatsapp para:\u00a0<a href=\"https:\/\/api.whatsapp.com\/send?phone=11948127430\" target=\"_blank\" rel=\"noopener\">(11) 94812-7430<\/a>\u00a0ou um e-mail para:\u00a0<a href=\"mailto: projetos@producaoespecial.com.br\" target=\"_blank\" rel=\"noopener\">projetos@producaoespecial.com.br<\/a><br \/>Se preferir, preencha o formul\u00e1rio abaixo:<\/p>\t\t\t\t\t<\/div>\n\t\t\t\t\t\t<\/div>\n\t\t\t\t<\/div>\n\t\t\t\t\t\t<\/div>\n\t\t\t\t\t<\/div>\n\t\t<\/div>\n\t\t\t\t\t\t\t\t<\/div>\n\t\t\t\t\t<\/div>\n\t\t<\/section>\n\t\t\t\t\t\t\t\t\t<\/div>\n\t\t\t<\/div>\n\t\t\t\t\t<\/div>\n\t\t","protected":false},"excerpt":{"rendered":"<p>Ligue para: (11) 5071-9696 \/ envie uma mensagem no whatsapp para:\u00a0(11) 94812-7430\u00a0ou um e-mail para:\u00a0projetos@producaoespecial.com.brSe preferir, preencha o formul\u00e1rio abaixo:<\/p>\n","protected":false},"author":1,"featured_media":0,"parent":0,"menu_order":0,"comment_status":"closed","ping_status":"closed","template":"elementor_header_footer","meta":[],"_links":{"self":[{"href":"https:\/\/producaoespecial.com.br\/loja\/wp-json\/wp\/v2\/pages\/39"}],"collection":[{"href":"https:\/\/producaoespecial.com.br\/loja\/wp-json\/wp\/v2\/pages"}],"about":[{"href":"https:\/\/producaoespecial.com.br\/loja\/wp-json\/wp\/v2\/types\/page"}],"author":[{"embeddable":true,"href":"https:\/\/producaoespecial.com.br\/loja\/wp-json\/wp\/v2\/users\/1"}],"replies":[{"embeddable":true,"href":"https:\/\/producaoespecial.com.br\/loja\/wp-json\/wp\/v2\/comments?post=39"}],"version-history":[{"count":15,"href":"https:\/\/producaoespecial.com.br\/loja\/wp-json\/wp\/v2\/pages\/39\/revisions"}],"predecessor-version":[{"id":847,"href":"https:\/\/producaoespecial.com.br\/loja\/wp-json\/wp\/v2\/pages\/39\/revisions\/847"}],"wp:attachment":[{"href":"https:\/\/producaoespecial.com.br\/loja\/wp-json\/wp\/v2\/media?parent=39"}],"curies":[{"name":"wp","href":"https:\/\/api.w.org\/{rel}","templated":true}]}}