{"id":37,"date":"2019-07-26T20:12:55","date_gmt":"2019-07-26T20:12:55","guid":{"rendered":"https:\/\/producaoespecial.com.br\/loja\/?page_id=37"},"modified":"2019-09-25T18:44:16","modified_gmt":"2019-09-25T18:44:16","slug":"sobre","status":"publish","type":"page","link":"https:\/\/producaoespecial.com.br\/loja\/sobre\/","title":{"rendered":"SOBRE"},"content":{"rendered":"\t\t<div data-elementor-type=\"wp-post\" data-elementor-id=\"37\" class=\"elementor elementor-37\">\n\t\t\t\t\t\t<div class=\"elementor-inner\">\n\t\t\t\t<div class=\"elementor-section-wrap\">\n\t\t\t\t\t\t\t\t\t<section class=\"elementor-section elementor-top-section elementor-element elementor-element-bd67507 elementor-section-stretched elementor-section-full_width elementor-section-height-default elementor-section-height-default\" data-id=\"bd67507\" data-element_type=\"section\" data-settings=\"{&quot;stretch_section&quot;:&quot;section-stretched&quot;}\">\n\t\t\t\t\t\t<div class=\"elementor-container elementor-column-gap-default\">\n\t\t\t\t\t\t\t<div class=\"elementor-row\">\n\t\t\t\t\t<div class=\"elementor-column elementor-col-50 elementor-top-column elementor-element elementor-element-c722ba8\" data-id=\"c722ba8\" data-element_type=\"column\">\n\t\t\t<div class=\"elementor-column-wrap elementor-element-populated\">\n\t\t\t\t\t\t\t<div class=\"elementor-widget-wrap\">\n\t\t\t\t\t\t<div class=\"elementor-element elementor-element-42524b0 elementor-widget elementor-widget-image\" data-id=\"42524b0\" data-element_type=\"widget\" data-widget_type=\"image.default\">\n\t\t\t\t<div class=\"elementor-widget-container\">\n\t\t\t\t\t\t\t\t<div class=\"elementor-image\">\n\t\t\t\t\t\t\t\t\t\t\t\t<img src=\"https:\/\/producaoespecial.com.br\/loja\/wp-content\/uploads\/elementor\/thumbs\/SAM_0292-1-oearfyfi1xzvrluy1cjz7gu9dkolp0yt45pwtyb434.jpg\" title=\"SAM_0292\" alt=\"SAM_0292\" \/>\t\t\t\t\t\t\t\t\t\t\t\t\t\t<\/div>\n\t\t\t\t\t\t<\/div>\n\t\t\t\t<\/div>\n\t\t\t\t\t\t<\/div>\n\t\t\t\t\t<\/div>\n\t\t<\/div>\n\t\t\t\t<div class=\"elementor-column elementor-col-50 elementor-top-column elementor-element elementor-element-43e16a5\" data-id=\"43e16a5\" data-element_type=\"column\">\n\t\t\t<div class=\"elementor-column-wrap elementor-element-populated\">\n\t\t\t\t\t\t\t<div class=\"elementor-widget-wrap\">\n\t\t\t\t\t\t<div class=\"elementor-element elementor-element-99a6cac elementor-widget elementor-widget-text-editor\" data-id=\"99a6cac\" data-element_type=\"widget\" data-widget_type=\"text-editor.default\">\n\t\t\t\t<div class=\"elementor-widget-container\">\n\t\t\t\t\t\t\t\t<div class=\"elementor-text-editor elementor-clearfix\">\n\t\t\t\t<p>\u00a0<\/p><p>A Produ\u00e7\u00e3o Especial \u00e9 pioneira na cria\u00e7\u00e3o de projetos especiais na \u00e1rea de ilumina\u00e7\u00e3o, com trabalho direcionado \u00e0 arquitetos, decoradores, construtoras e tamb\u00e9m para o cliente final.<\/p><p><span style=\"font-size: 16px\">Cada projeto \u00e9 \u00fanico.<\/span><\/p><p><span style=\"font-size: 1rem\">Nosso departamento de pe\u00e7as especiais sob medida est\u00e1 preparado com profissionais capacitados para desenvolver pe\u00e7as de diferentes estilos atendendo as particularidades da sua cria\u00e7\u00e3o.<\/span><\/p><p>Assessoria de projetos de ilumina\u00e7\u00e3o de acordo com cada ambiente, \u00e1reas internas e externas.<\/p><p>Linhas completas direcionadas para ambientes comerciais, residenciais, lojas, restaurantes, hot\u00e9is, hospitais, obras corporativas e empreendimentos.<\/p>\t\t\t\t\t<\/div>\n\t\t\t\t\t\t<\/div>\n\t\t\t\t<\/div>\n\t\t\t\t\t\t<\/div>\n\t\t\t\t\t<\/div>\n\t\t<\/div>\n\t\t\t\t\t\t\t\t<\/div>\n\t\t\t\t\t<\/div>\n\t\t<\/section>\n\t\t\t\t\t\t\t\t\t<\/div>\n\t\t\t<\/div>\n\t\t\t\t\t<\/div>\n\t\t","protected":false},"excerpt":{"rendered":"<p>\u00a0 A Produ\u00e7\u00e3o Especial \u00e9 pioneira na cria\u00e7\u00e3o de projetos especiais na \u00e1rea de ilumina\u00e7\u00e3o, com trabalho direcionado \u00e0 arquitetos, decoradores, construtoras e tamb\u00e9m para o cliente final. Cada projeto \u00e9 \u00fanico. Nosso departamento de pe\u00e7as especiais sob medida est\u00e1 preparado com profissionais capacitados para desenvolver pe\u00e7as de diferentes estilos atendendo as particularidades da sua [&hellip;]<\/p>\n","protected":false},"author":1,"featured_media":0,"parent":0,"menu_order":0,"comment_status":"closed","ping_status":"closed","template":"elementor_header_footer","meta":[],"_links":{"self":[{"href":"https:\/\/producaoespecial.com.br\/loja\/wp-json\/wp\/v2\/pages\/37"}],"collection":[{"href":"https:\/\/producaoespecial.com.br\/loja\/wp-json\/wp\/v2\/pages"}],"about":[{"href":"https:\/\/producaoespecial.com.br\/loja\/wp-json\/wp\/v2\/types\/page"}],"author":[{"embeddable":true,"href":"https:\/\/producaoespecial.com.br\/loja\/wp-json\/wp\/v2\/users\/1"}],"replies":[{"embeddable":true,"href":"https:\/\/producaoespecial.com.br\/loja\/wp-json\/wp\/v2\/comments?post=37"}],"version-history":[{"count":14,"href":"https:\/\/producaoespecial.com.br\/loja\/wp-json\/wp\/v2\/pages\/37\/revisions"}],"predecessor-version":[{"id":475,"href":"https:\/\/producaoespecial.com.br\/loja\/wp-json\/wp\/v2\/pages\/37\/revisions\/475"}],"wp:attachment":[{"href":"https:\/\/producaoespecial.com.br\/loja\/wp-json\/wp\/v2\/media?parent=37"}],"curies":[{"name":"wp","href":"https:\/\/api.w.org\/{rel}","templated":true}]}}