{"id":34,"date":"2019-07-26T20:12:20","date_gmt":"2019-07-26T20:12:20","guid":{"rendered":"https:\/\/producaoespecial.com.br\/loja\/?page_id=34"},"modified":"2019-10-07T20:31:02","modified_gmt":"2019-10-07T20:31:02","slug":"projetos-sob-medida","status":"publish","type":"page","link":"https:\/\/producaoespecial.com.br\/loja\/projetos-sob-medida\/","title":{"rendered":"PROJETOS SOB MEDIDA"},"content":{"rendered":"\t\t<div data-elementor-type=\"wp-post\" data-elementor-id=\"34\" class=\"elementor elementor-34\">\n\t\t\t\t\t\t<div class=\"elementor-inner\">\n\t\t\t\t<div class=\"elementor-section-wrap\">\n\t\t\t\t\t\t\t\t\t<section class=\"elementor-section elementor-top-section elementor-element elementor-element-76c6840 elementor-section-boxed elementor-section-height-default elementor-section-height-default\" data-id=\"76c6840\" data-element_type=\"section\">\n\t\t\t\t\t\t<div class=\"elementor-container elementor-column-gap-default\">\n\t\t\t\t\t\t\t<div class=\"elementor-row\">\n\t\t\t\t\t<div class=\"elementor-column elementor-col-100 elementor-top-column elementor-element elementor-element-d59a2fc\" data-id=\"d59a2fc\" data-element_type=\"column\">\n\t\t\t<div class=\"elementor-column-wrap elementor-element-populated\">\n\t\t\t\t\t\t\t<div class=\"elementor-widget-wrap\">\n\t\t\t\t\t\t<div class=\"elementor-element elementor-element-38c8af3 elementor-widget elementor-widget-shortcode\" data-id=\"38c8af3\" data-element_type=\"widget\" data-widget_type=\"shortcode.default\">\n\t\t\t\t<div class=\"elementor-widget-container\">\n\t\t\t\t\t<div class=\"elementor-shortcode\"><style type=\"text\/css\">.foogallery-album-gallery-list .foogallery-pile h3 { background: rgb(172, 0, 0) !important; }.foogallery-album-gallery-list .foogallery-pile h3 { color: rgb(255, 255, 255) !important; }<\/style><div id=\"foogallery-album-593\">\r\n\t<ul class=\"foogallery-album-gallery-list alignment-center\">\r\n\t\t\t\t\t\t<li>\r\n\t\t\t\t\t<div class=\"foogallery-pile\">\r\n\t\t\t\t\t\t<div class=\"foogallery-pile-inner\">\r\n\t\t\t\t\t\t\t<a href=\"https:\/\/producaoespecial.com.br\/loja\/projetos-sob-medida\/gallery\/604\" target=\"_self\">\r\n\t\t\t\t\t\t\t\t<img loading=\"lazy\"  src=\"https:\/\/producaoespecial.com.br\/loja\/wp-content\/uploads\/cache\/2019\/10\/DSC_0858-HDR\/2675772452.jpg\" width=\"300\" height=\"300\" class=\"skip-lazy\" \/>\t\t\t\t\t\t\t\t\t\t\t\t\t\t\t\t<h3>Apartamento Bela Cintra - CW Arquitetura\t\t\t\t\t\t\t\t\t<span><\/span>\r\n\t\t\t\t\t\t\t\t<\/h3>\r\n\t\t\t\t\t\t\t<\/a>\r\n\t\t\t\t\t\t<\/div>\r\n\t\t\t\t\t<\/div>\r\n\t\t\t\t<\/li>\r\n\t\t\t\t\t\t\t\t\t<li>\r\n\t\t\t\t\t<div class=\"foogallery-pile\">\r\n\t\t\t\t\t\t<div class=\"foogallery-pile-inner\">\r\n\t\t\t\t\t\t\t<a href=\"https:\/\/producaoespecial.com.br\/loja\/projetos-sob-medida\/gallery\/casa-posi-aruja-projeto-luciana-tomas\" target=\"_self\">\r\n\t\t\t\t\t\t\t\t<img loading=\"lazy\"  src=\"https:\/\/producaoespecial.com.br\/loja\/wp-content\/uploads\/cache\/2019\/10\/INESANTICH-ARUJA-10-19-3\/822695053.jpg\" width=\"300\" height=\"300\" class=\"skip-lazy\" \/>\t\t\t\t\t\t\t\t\t\t\t\t\t\t\t\t<h3>Casa Posi Aruj\u00e1 - Luciana Tom\u00e1s Arquitetura\t\t\t\t\t\t\t\t\t<span><\/span>\r\n\t\t\t\t\t\t\t\t<\/h3>\r\n\t\t\t\t\t\t\t<\/a>\r\n\t\t\t\t\t\t<\/div>\r\n\t\t\t\t\t<\/div>\r\n\t\t\t\t<\/li>\r\n\t\t\t\t\t\t\t\t\t<li>\r\n\t\t\t\t\t<div class=\"foogallery-pile\">\r\n\t\t\t\t\t\t<div class=\"foogallery-pile-inner\">\r\n\t\t\t\t\t\t\t<a href=\"https:\/\/producaoespecial.com.br\/loja\/projetos-sob-medida\/gallery\/stand-de-vendas-apiacas-by-cyrela\" target=\"_self\">\r\n\t\t\t\t\t\t\t\t<img loading=\"lazy\"  src=\"https:\/\/producaoespecial.com.br\/loja\/wp-content\/uploads\/cache\/2019\/10\/WhatsApp-Image-2019-10-07-at-18_04_33\/2612571564.jpeg\" width=\"300\" height=\"300\" class=\"skip-lazy\" \/>\t\t\t\t\t\t\t\t\t\t\t\t\t\t\t\t<h3>Stand de Vendas - Apiac\u00e1s by Cyrela\t\t\t\t\t\t\t\t\t<span><\/span>\r\n\t\t\t\t\t\t\t\t<\/h3>\r\n\t\t\t\t\t\t\t<\/a>\r\n\t\t\t\t\t\t<\/div>\r\n\t\t\t\t\t<\/div>\r\n\t\t\t\t<\/li>\r\n\t\t\t\t\t\t\t\t\t<li>\r\n\t\t\t\t\t<div class=\"foogallery-pile\">\r\n\t\t\t\t\t\t<div class=\"foogallery-pile-inner\">\r\n\t\t\t\t\t\t\t<a href=\"https:\/\/producaoespecial.com.br\/loja\/projetos-sob-medida\/gallery\/615\" target=\"_self\">\r\n\t\t\t\t\t\t\t\t<img loading=\"lazy\"  src=\"https:\/\/producaoespecial.com.br\/loja\/wp-content\/uploads\/cache\/2019\/10\/corporativo-brookiln-9\/214162673.jpg\" width=\"300\" height=\"300\" class=\"skip-lazy\" \/>\t\t\t\t\t\t\t\t\t\t\t\t\t\t\t\t<h3>Escrit\u00f3rio Brooklin - Sesso &amp; Dalanezi Arquitetos\t\t\t\t\t\t\t\t\t<span><\/span>\r\n\t\t\t\t\t\t\t\t<\/h3>\r\n\t\t\t\t\t\t\t<\/a>\r\n\t\t\t\t\t\t<\/div>\r\n\t\t\t\t\t<\/div>\r\n\t\t\t\t<\/li>\r\n\t\t\t\t\t\t\t\t\t<li>\r\n\t\t\t\t\t<div class=\"foogallery-pile\">\r\n\t\t\t\t\t\t<div class=\"foogallery-pile-inner\">\r\n\t\t\t\t\t\t\t<a href=\"https:\/\/producaoespecial.com.br\/loja\/projetos-sob-medida\/gallery\/ibis-styles-vitoria-da-conquista\" target=\"_self\">\r\n\t\t\t\t\t\t\t\t<img loading=\"lazy\"  src=\"https:\/\/producaoespecial.com.br\/loja\/wp-content\/uploads\/cache\/2019\/07\/IBIS-barstyle\/1987001214.jpg\" width=\"300\" height=\"300\" class=\"skip-lazy\" \/>\t\t\t\t\t\t\t\t\t\t\t\t\t\t\t\t<h3>Ibis Styles Vit\u00f3ria da Conquista\t\t\t\t\t\t\t\t\t<span><\/span>\r\n\t\t\t\t\t\t\t\t<\/h3>\r\n\t\t\t\t\t\t\t<\/a>\r\n\t\t\t\t\t\t<\/div>\r\n\t\t\t\t\t<\/div>\r\n\t\t\t\t<\/li>\r\n\t\t\t\t\t\t\t\t\t<li>\r\n\t\t\t\t\t<div class=\"foogallery-pile\">\r\n\t\t\t\t\t\t<div class=\"foogallery-pile-inner\">\r\n\t\t\t\t\t\t\t<a href=\"https:\/\/producaoespecial.com.br\/loja\/projetos-sob-medida\/gallery\/apartamentos-decorados\" target=\"_self\">\r\n\t\t\t\t\t\t\t\t<img loading=\"lazy\"  src=\"https:\/\/producaoespecial.com.br\/loja\/wp-content\/uploads\/cache\/2019\/07\/SD_121218_133-e1569421584520\/2787970814.jpg\" width=\"300\" height=\"300\" class=\"skip-lazy\" \/>\t\t\t\t\t\t\t\t\t\t\t\t\t\t\t\t<h3>Apartamentos Decorados\t\t\t\t\t\t\t\t\t<span><\/span>\r\n\t\t\t\t\t\t\t\t<\/h3>\r\n\t\t\t\t\t\t\t<\/a>\r\n\t\t\t\t\t\t<\/div>\r\n\t\t\t\t\t<\/div>\r\n\t\t\t\t<\/li>\r\n\t\t\t\t\t\t\t\t\t<li>\r\n\t\t\t\t\t<div class=\"foogallery-pile\">\r\n\t\t\t\t\t\t<div class=\"foogallery-pile-inner\">\r\n\t\t\t\t\t\t\t<a href=\"https:\/\/producaoespecial.com.br\/loja\/projetos-sob-medida\/gallery\/little-tokyo\" target=\"_self\">\r\n\t\t\t\t\t\t\t\t<img loading=\"lazy\"  src=\"https:\/\/producaoespecial.com.br\/loja\/wp-content\/uploads\/cache\/2019\/07\/Little-Tokio\/337201878.jpg\" width=\"300\" height=\"300\" class=\"skip-lazy\" \/>\t\t\t\t\t\t\t\t\t\t\t\t\t\t\t\t<h3>Little Tokyo\t\t\t\t\t\t\t\t\t<span><\/span>\r\n\t\t\t\t\t\t\t\t<\/h3>\r\n\t\t\t\t\t\t\t<\/a>\r\n\t\t\t\t\t\t<\/div>\r\n\t\t\t\t\t<\/div>\r\n\t\t\t\t<\/li>\r\n\t\t\t\t\t\t\t\t\t<li>\r\n\t\t\t\t\t<div class=\"foogallery-pile\">\r\n\t\t\t\t\t\t<div class=\"foogallery-pile-inner\">\r\n\t\t\t\t\t\t\t<a href=\"https:\/\/producaoespecial.com.br\/loja\/projetos-sob-medida\/gallery\/599\" target=\"_self\">\r\n\t\t\t\t\t\t\t\t<img loading=\"lazy\"  src=\"https:\/\/producaoespecial.com.br\/loja\/wp-content\/uploads\/cache\/2019\/10\/20190819_142253-1\/1807217468.jpg\" width=\"300\" height=\"300\" class=\"skip-lazy\" \/>\t\t\t\t\t\t\t\t\t\t\t\t\t\t\t\t<h3>Lumin\u00e1rias Especiais\t\t\t\t\t\t\t\t\t<span><\/span>\r\n\t\t\t\t\t\t\t\t<\/h3>\r\n\t\t\t\t\t\t\t<\/a>\r\n\t\t\t\t\t\t<\/div>\r\n\t\t\t\t\t<\/div>\r\n\t\t\t\t<\/li>\r\n\t\t\t\t\t\t\t\t\t<li>\r\n\t\t\t\t\t<div class=\"foogallery-pile\">\r\n\t\t\t\t\t\t<div class=\"foogallery-pile-inner\">\r\n\t\t\t\t\t\t\t<a href=\"https:\/\/producaoespecial.com.br\/loja\/projetos-sob-medida\/gallery\/condominio-casa-grande-riviera-de-sao-lourenco\" target=\"_self\">\r\n\t\t\t\t\t\t\t\t<img loading=\"lazy\"  src=\"https:\/\/producaoespecial.com.br\/loja\/wp-content\/uploads\/cache\/2019\/10\/RIVIERA-GOURMET-3\/2512605670.jpg\" width=\"300\" height=\"300\" class=\"skip-lazy\" \/>\t\t\t\t\t\t\t\t\t\t\t\t\t\t\t\t<h3>Condom\u00ednio - Riviera de S\u00e3o Louren\u00e7o - Sandra Picciotto\t\t\t\t\t\t\t\t\t<span><\/span>\r\n\t\t\t\t\t\t\t\t<\/h3>\r\n\t\t\t\t\t\t\t<\/a>\r\n\t\t\t\t\t\t<\/div>\r\n\t\t\t\t\t<\/div>\r\n\t\t\t\t<\/li>\r\n\t\t\t\t\t\t\t\t\t<li>\r\n\t\t\t\t\t<div class=\"foogallery-pile\">\r\n\t\t\t\t\t\t<div class=\"foogallery-pile-inner\">\r\n\t\t\t\t\t\t\t<a href=\"https:\/\/producaoespecial.com.br\/loja\/projetos-sob-medida\/gallery\/fia-business-school\" target=\"_self\">\r\n\t\t\t\t\t\t\t\t<img loading=\"lazy\"  src=\"https:\/\/producaoespecial.com.br\/loja\/wp-content\/uploads\/cache\/2019\/10\/FIA-2\/207231131.jpg\" width=\"300\" height=\"300\" class=\"skip-lazy\" \/>\t\t\t\t\t\t\t\t\t\t\t\t\t\t\t\t<h3>FIA Business School\t\t\t\t\t\t\t\t\t<span><\/span>\r\n\t\t\t\t\t\t\t\t<\/h3>\r\n\t\t\t\t\t\t\t<\/a>\r\n\t\t\t\t\t\t<\/div>\r\n\t\t\t\t\t<\/div>\r\n\t\t\t\t<\/li>\r\n\t\t\t\t\t\t\t\t\t<li>\r\n\t\t\t\t\t<div class=\"foogallery-pile\">\r\n\t\t\t\t\t\t<div class=\"foogallery-pile-inner\">\r\n\t\t\t\t\t\t\t<a href=\"https:\/\/producaoespecial.com.br\/loja\/projetos-sob-medida\/gallery\/letreiro-funny\" target=\"_self\">\r\n\t\t\t\t\t\t\t\t<img loading=\"lazy\"  src=\"https:\/\/producaoespecial.com.br\/loja\/wp-content\/uploads\/cache\/2020\/01\/WhatsApp-Image-2020-01-29-at-14_11_02\/166799409.jpeg\" width=\"300\" height=\"300\" class=\"skip-lazy\" \/>\t\t\t\t\t\t\t\t\t\t\t\t\t\t\t\t<h3>Letreiro FUNNY\t\t\t\t\t\t\t\t\t<span><\/span>\r\n\t\t\t\t\t\t\t\t<\/h3>\r\n\t\t\t\t\t\t\t<\/a>\r\n\t\t\t\t\t\t<\/div>\r\n\t\t\t\t\t<\/div>\r\n\t\t\t\t<\/li>\r\n\t\t\t\t\t\t<\/ul>\r\n\t<div style=\"clear: both;\"><\/div>\r\n<\/div>\r\n<\/div>\n\t\t\t\t<\/div>\n\t\t\t\t<\/div>\n\t\t\t\t\t\t<\/div>\n\t\t\t\t\t<\/div>\n\t\t<\/div>\n\t\t\t\t\t\t\t\t<\/div>\n\t\t\t\t\t<\/div>\n\t\t<\/section>\n\t\t\t\t\t\t\t\t\t<\/div>\n\t\t\t<\/div>\n\t\t\t\t\t<\/div>\n\t\t","protected":false},"excerpt":{"rendered":"","protected":false},"author":1,"featured_media":0,"parent":0,"menu_order":0,"comment_status":"closed","ping_status":"closed","template":"elementor_header_footer","meta":[],"_links":{"self":[{"href":"https:\/\/producaoespecial.com.br\/loja\/wp-json\/wp\/v2\/pages\/34"}],"collection":[{"href":"https:\/\/producaoespecial.com.br\/loja\/wp-json\/wp\/v2\/pages"}],"about":[{"href":"https:\/\/producaoespecial.com.br\/loja\/wp-json\/wp\/v2\/types\/page"}],"author":[{"embeddable":true,"href":"https:\/\/producaoespecial.com.br\/loja\/wp-json\/wp\/v2\/users\/1"}],"replies":[{"embeddable":true,"href":"https:\/\/producaoespecial.com.br\/loja\/wp-json\/wp\/v2\/comments?post=34"}],"version-history":[{"count":15,"href":"https:\/\/producaoespecial.com.br\/loja\/wp-json\/wp\/v2\/pages\/34\/revisions"}],"predecessor-version":[{"id":598,"href":"https:\/\/producaoespecial.com.br\/loja\/wp-json\/wp\/v2\/pages\/34\/revisions\/598"}],"wp:attachment":[{"href":"https:\/\/producaoespecial.com.br\/loja\/wp-json\/wp\/v2\/media?parent=34"}],"curies":[{"name":"wp","href":"https:\/\/api.w.org\/{rel}","templated":true}]}}